{"id":46,"date":"2023-01-14T15:00:15","date_gmt":"2023-01-14T15:00:15","guid":{"rendered":"https:\/\/www.bejgora.ro\/?page_id=46"},"modified":"2023-01-14T17:21:13","modified_gmt":"2023-01-14T17:21:13","slug":"atributiile-executorului-judecatoresc","status":"publish","type":"page","link":"https:\/\/www.bejgora.ro\/index.php\/atributiile-executorului-judecatoresc\/","title":{"rendered":"Atribu\u021biile Executorului Judec\u0103toresc"},"content":{"rendered":"\n<p class=\"has-text-align-center\">                                   <\/p>\n\n\n\n<p>\u00cen conformitate cu prevederile Legii 188\/2000, executorul judec\u0103toresc are urm\u0103toarele atribu\u021bii:<br>&nbsp;<\/p>\n\n\n\n<p><strong>1.&nbsp;&nbsp;&nbsp;&nbsp;<\/strong>Punerea \u00een executare a dispozi\u021biilor cu caracter civil din titlurile executorii.<\/p>\n\n\n\n<p>\u00b7&nbsp;&nbsp;&nbsp;&nbsp;&nbsp;&nbsp;&nbsp;&nbsp;<strong>Execut\u0103ri directe&nbsp;&nbsp;&nbsp;&nbsp;&nbsp;&nbsp;&nbsp;<\/strong><br>&nbsp;&nbsp;&nbsp;&nbsp;&nbsp;&nbsp;&nbsp; &#8211; Evacu\u0103ri<br>&nbsp;&nbsp;&nbsp;&nbsp;&nbsp;&nbsp;&nbsp; &#8211; \u00cencredin\u021barea minorului sau stabilirea domiciliului minorului<br>&nbsp;&nbsp;&nbsp;&nbsp;&nbsp;&nbsp;&nbsp; &#8211; Vizitarea minorului<br>&nbsp;&nbsp;&nbsp;&nbsp;&nbsp;&nbsp;&nbsp; &#8211; Puneri \u00een posesie, gr\u0103ni\u021buiri, servitu\u021bi, pred\u0103ri de bunuri etc.<\/p>\n\n\n\n<p>\u00b7&nbsp;&nbsp;&nbsp;&nbsp;&nbsp;&nbsp;&nbsp;&nbsp;<strong>Execut\u0103ri indirecte<\/strong><br><br>&nbsp;&nbsp;&nbsp;&nbsp;&nbsp;&nbsp;&nbsp; &#8211; Urm\u0103rirea mobiliar\u0103 a crean\u021belor<br>&nbsp;&nbsp;&nbsp;&nbsp;&nbsp;&nbsp;&nbsp; &#8211; Urm\u0103rirea imobiliar\u0103 a crean\u021belor<br>&nbsp;&nbsp;&nbsp;&nbsp;&nbsp;&nbsp;&nbsp; &#8211; Popriri<\/p>\n\n\n\n<p><strong>2.&nbsp;&nbsp;&nbsp;<\/strong>Notificarea actelor judiciare \u0219i extrajudiciare<\/p>\n\n\n\n<p><strong>3.&nbsp;&nbsp;&nbsp;<\/strong>Comunicarea actelor de procedur\u0103<\/p>\n\n\n\n<p><strong>4.&nbsp;&nbsp;&nbsp;<\/strong>Recuperarea pe cale amiabil\u0103 a oric\u0103rei crean\u021be<\/p>\n\n\n\n<p><strong>5.&nbsp;&nbsp;&nbsp;<\/strong>Aplicarea m\u0103surilor asiguratorii dispuse de instan\u021ba judec\u0103toreasc\u0103<\/p>\n\n\n\n<p><strong>6.&nbsp;&nbsp;&nbsp;<\/strong>Constatarea unor st\u00e3ri de fapt \u00een condi\u021biile prev\u0103zute de Codul de procedur\u0103 civil\u0103<\/p>\n\n\n\n<p><strong>7.&nbsp;&nbsp;&nbsp;<\/strong>\u00centocmirea proceselor-verbale de constatare, \u00een cazul ofertei reale urmate de consemnarea sumei de c\u0103tre debitor, potrivit dispozi\u021biilor Codului de procedur\u0103 civil\u0103<\/p>\n\n\n\n<p><strong>8.&nbsp;&nbsp;&nbsp;<\/strong>\u00centocmirea, potrivit legii, a protestului de neplat\u0103 a cambiilor, biletelor la ordin \u0219i a cecurilor, dup\u0103 caz<\/p>\n\n\n\n<p><strong>9.&nbsp;&nbsp;&nbsp;<\/strong>Consulta\u021bii \u00een leg\u0103tur\u0103 cu constituirea actelor execu\u021bionale<\/p>\n\n\n\n<p><strong>10<\/strong>.<strong>&nbsp;<\/strong>Orice alte acte sau opera\u021biuni date de lege \u00een competen\u021ba executorului judec\u0103toresc&nbsp;<\/p>\n","protected":false},"excerpt":{"rendered":"<p>\u00cen conformitate cu prevederile Legii 188\/2000, executorul judec\u0103toresc are urm\u0103toarele atribu\u021bii:&nbsp; 1.&nbsp;&nbsp;&nbsp;&nbsp;Punerea \u00een executare a dispozi\u021biilor cu caracter civil din titlurile executorii. \u00b7&nbsp;&nbsp;&nbsp;&nbsp;&nbsp;&nbsp;&nbsp;&nbsp;Execut\u0103ri directe&nbsp;&nbsp;&nbsp;&nbsp;&nbsp;&nbsp;&nbsp;&nbsp;&nbsp;&nbsp;&nbsp;&nbsp;&nbsp;&nbsp; &#8211; Evacu\u0103ri&nbsp;&nbsp;&nbsp;&nbsp;&nbsp;&nbsp;&nbsp; &#8211; \u00cencredin\u021barea minorului sau stabilirea domiciliului minorului&nbsp;&nbsp;&nbsp;&nbsp;&nbsp;&nbsp;&nbsp; &#8211; Vizitarea minorului&nbsp;&nbsp;&nbsp;&nbsp;&nbsp;&nbsp;&nbsp; &#8211; Puneri \u00een posesie, gr\u0103ni\u021buiri, servitu\u021bi, pred\u0103ri de bunuri etc. \u00b7&nbsp;&nbsp;&nbsp;&nbsp;&nbsp;&nbsp;&nbsp;&nbsp;Execut\u0103ri indirecte &nbsp;&nbsp;&nbsp;&nbsp;&nbsp;&nbsp;&nbsp; &#8211; Urm\u0103rirea mobiliar\u0103 a crean\u021belor&nbsp;&nbsp;&nbsp;&nbsp;&nbsp;&nbsp;&nbsp; &#8211; [&hellip;]<\/p>\n","protected":false},"author":1,"featured_media":0,"parent":0,"menu_order":0,"comment_status":"closed","ping_status":"closed","template":"","meta":{"footnotes":""},"class_list":["post-46","page","type-page","status-publish","hentry"],"_links":{"self":[{"href":"https:\/\/www.bejgora.ro\/index.php\/wp-json\/wp\/v2\/pages\/46","targetHints":{"allow":["GET"]}}],"collection":[{"href":"https:\/\/www.bejgora.ro\/index.php\/wp-json\/wp\/v2\/pages"}],"about":[{"href":"https:\/\/www.bejgora.ro\/index.php\/wp-json\/wp\/v2\/types\/page"}],"author":[{"embeddable":true,"href":"https:\/\/www.bejgora.ro\/index.php\/wp-json\/wp\/v2\/users\/1"}],"replies":[{"embeddable":true,"href":"https:\/\/www.bejgora.ro\/index.php\/wp-json\/wp\/v2\/comments?post=46"}],"version-history":[{"count":4,"href":"https:\/\/www.bejgora.ro\/index.php\/wp-json\/wp\/v2\/pages\/46\/revisions"}],"predecessor-version":[{"id":99,"href":"https:\/\/www.bejgora.ro\/index.php\/wp-json\/wp\/v2\/pages\/46\/revisions\/99"}],"wp:attachment":[{"href":"https:\/\/www.bejgora.ro\/index.php\/wp-json\/wp\/v2\/media?parent=46"}],"curies":[{"name":"wp","href":"https:\/\/api.w.org\/{rel}","templated":true}]}}