{"id":15,"date":"2022-03-17T19:42:19","date_gmt":"2022-03-17T19:42:19","guid":{"rendered":"https:\/\/www.bejgora.ro\/index.php\/home\/"},"modified":"2023-01-14T17:21:46","modified_gmt":"2023-01-14T17:21:46","slug":"home","status":"publish","type":"page","link":"https:\/\/www.bejgora.ro\/","title":{"rendered":"Birou Executor Judec\u0103toresc Gora M\u0103d\u0103lin"},"content":{"rendered":"\n<figure class=\"wp-block-image size-full is-resized\"><img loading=\"lazy\" decoding=\"async\" src=\"https:\/\/www.bejgora.ro\/wp-content\/uploads\/2023\/01\/Wills-Probate-Solicitors-in-Harrow-_-Aston-Brooke.png\" alt=\"\" class=\"wp-image-58\" width=\"858\" height=\"548\" srcset=\"https:\/\/www.bejgora.ro\/wp-content\/uploads\/2023\/01\/Wills-Probate-Solicitors-in-Harrow-_-Aston-Brooke.png 512w, https:\/\/www.bejgora.ro\/wp-content\/uploads\/2023\/01\/Wills-Probate-Solicitors-in-Harrow-_-Aston-Brooke-300x192.png 300w\" sizes=\"auto, (max-width: 858px) 100vw, 858px\" \/><\/figure>\n","protected":false},"excerpt":{"rendered":"","protected":false},"author":1,"featured_media":0,"parent":0,"menu_order":0,"comment_status":"closed","ping_status":"closed","template":"templates\/template-homepage.php","meta":{"footnotes":""},"class_list":["post-15","page","type-page","status-publish","hentry"],"_links":{"self":[{"href":"https:\/\/www.bejgora.ro\/index.php\/wp-json\/wp\/v2\/pages\/15","targetHints":{"allow":["GET"]}}],"collection":[{"href":"https:\/\/www.bejgora.ro\/index.php\/wp-json\/wp\/v2\/pages"}],"about":[{"href":"https:\/\/www.bejgora.ro\/index.php\/wp-json\/wp\/v2\/types\/page"}],"author":[{"embeddable":true,"href":"https:\/\/www.bejgora.ro\/index.php\/wp-json\/wp\/v2\/users\/1"}],"replies":[{"embeddable":true,"href":"https:\/\/www.bejgora.ro\/index.php\/wp-json\/wp\/v2\/comments?post=15"}],"version-history":[{"count":6,"href":"https:\/\/www.bejgora.ro\/index.php\/wp-json\/wp\/v2\/pages\/15\/revisions"}],"predecessor-version":[{"id":100,"href":"https:\/\/www.bejgora.ro\/index.php\/wp-json\/wp\/v2\/pages\/15\/revisions\/100"}],"wp:attachment":[{"href":"https:\/\/www.bejgora.ro\/index.php\/wp-json\/wp\/v2\/media?parent=15"}],"curies":[{"name":"wp","href":"https:\/\/api.w.org\/{rel}","templated":true}]}}